{"id":837,"date":"2021-06-10T10:07:39","date_gmt":"2021-06-10T10:07:39","guid":{"rendered":"https:\/\/uavdronetarragona.com\/cookies-2\/"},"modified":"2021-06-10T10:10:36","modified_gmt":"2021-06-10T10:10:36","slug":"cookies-2","status":"publish","type":"page","link":"https:\/\/uavdronetarragona.com\/ca\/cookies-2\/","title":{"rendered":"POLITICA DE PRIVACITAT"},"content":{"rendered":"<p>[et_pb_section fb_built=&#8221;1&#8243; admin_label=&#8221;Page Header&#8221; _builder_version=&#8221;3.22&#8243; background_image=&#8221;https:\/\/uavdronetarragona.com\/wp-content\/uploads\/2020\/12\/circle-background-pattern.png&#8221; custom_padding=&#8221;67px|0px|67.1875px|0px|false|false&#8221; animation_style=&#8221;zoom&#8221; animation_intensity_zoom=&#8221;4%&#8221;][et_pb_row _builder_version=&#8221;3.25&#8243; background_size=&#8221;initial&#8221; background_position=&#8221;top_left&#8221; background_repeat=&#8221;repeat&#8221; custom_padding=&#8221;|||&#8221; animation_style=&#8221;slide&#8221; animation_direction=&#8221;top&#8221; animation_intensity_slide=&#8221;3%&#8221;][et_pb_column type=&#8221;4_4&#8243; _builder_version=&#8221;3.25&#8243; custom_padding=&#8221;|||&#8221; custom_padding__hover=&#8221;|||&#8221;][et_pb_text _builder_version=&#8221;3.27.4&#8243; text_font=&#8221;||||||||&#8221; header_font=&#8221;Montserrat|700||on|||||dotted&#8221; header_text_color=&#8221;#353740&#8243; header_font_size=&#8221;60px&#8221; header_line_height=&#8221;1.3em&#8221; background_size=&#8221;initial&#8221; background_position=&#8221;top_left&#8221; background_repeat=&#8221;repeat&#8221; custom_margin=&#8221;|||&#8221; animation_style=&#8221;fade&#8221; header_font_size_last_edited=&#8221;off|desktop&#8221; locked=&#8221;off&#8221;]<\/p>\n<h1>POL\u00cdTICA DE PRIVACItAt<\/h1>\n<p>[\/et_pb_text][et_pb_divider show_divider=&#8221;off&#8221; disabled_on=&#8221;on|on|off&#8221; _builder_version=&#8221;3.2&#8243; max_width=&#8221;120px&#8221; animation_style=&#8221;slide&#8221; animation_direction=&#8221;top&#8221; animation_intensity_slide=&#8221;30%&#8221;][\/et_pb_divider][\/et_pb_column][\/et_pb_row][\/et_pb_section][et_pb_section fb_built=&#8221;1&#8243; _builder_version=&#8221;4.7.7&#8243; _module_preset=&#8221;default&#8221;][et_pb_row _builder_version=&#8221;4.7.7&#8243; _module_preset=&#8221;default&#8221;][et_pb_column type=&#8221;4_4&#8243; _builder_version=&#8221;4.7.7&#8243; _module_preset=&#8221;default&#8221;][et_pb_text _builder_version=&#8221;4.7.7&#8243; _module_preset=&#8221;default&#8221; hover_enabled=&#8221;0&#8243; sticky_enabled=&#8221;0&#8243;]<\/p>\n<p>1.RESPONSABLE DEL TRACTAMENT<\/p>\n<p>ALEIX OSED CABR\u00c9 (d&#8217;ara endavant, \u201cALEIX\u201d), \u00e9s una persona f\u00edsica amb domicili social Carrer\/M.C. Verdaguer,2 de Riudecols 43390 (Tarragona), amb N\u00famero d&#8217;Identificaci\u00f3 Fiscal (NIF) 39918435-A.<\/p>\n<p>Per a m\u00e9s informaci\u00f3 sobre ALEIX, visiti www.uavdronetarragona.com o posi&#8217;s en contacte amb nosaltres a trav\u00e9s de l&#8217;adre\u00e7a de correu electr\u00f2nic hola@uavdronetarragona.com, o en el tel\u00e8fon (+34) 665022091.<\/p>\n<p>2. FINALITAT DEL TRACTAMENT<\/p>\n<p>Les dades personals seran tractats per a la gesti\u00f3 contractual dels serveis contractats.<\/p>\n<p>Les dades personals proporcionades pel titular a trav\u00e9s d&#8217;aquesta p\u00e0gina web podran ser utilitzats per a la remissi\u00f3 d&#8217;informaci\u00f3 sobre actualitat (newsletters), organitzaci\u00f3 sobre esdeveniments organitzats per ALEIX i serveis prestats per ALEIX.<\/p>\n<p>3. BASE LEGAL PER Al TRACTAMENT<\/p>\n<p>Per a la prestaci\u00f3 dels serveis contractats: compliment de les obligacions derivades del contracte de prestaci\u00f3 de serveis.<\/p>\n<p>Per a l&#8217;enviament d&#8217;informaci\u00f3 sobre actualitat, esdeveniments o serveis: Consentiment del titular de les dades. Aquest consentiment pot ser revocat pel titular de les dades en qualsevol moment.<\/p>\n<p>4. DESTINATARIS DE LES DADES<\/p>\n<p>En cas de contractar els serveis del Despatx, les dades personals podran ser cedits a les Administracions P\u00fabliques (p.e. l&#8217;Administraci\u00f3 Tribut\u00e0ria) per al compliment de les obligacions legals i tribut\u00e0ries en la gesti\u00f3 contractual.<\/p>\n<p>5. DRETS<\/p>\n<p>El Reglament General de Protecci\u00f3 de Dades atorga a les persones drets relacionats amb les seves dades personals:<\/p>\n<p>Dret d&#8217;acc\u00e9s: el dret de ser informat i sol\u00b7licitar acc\u00e9s a les dades personals sobre vost\u00e8 que processem.<br \/> Dret de rectificaci\u00f3: el dret de sol\u00b7licitar que corregim o actualitzem les seves dades personals, quan siguin inexactes o estiguin incomplets.<br \/> Dret de cancel\u00b7laci\u00f3: el dret de sol\u00b7licitar la supressi\u00f3 de les seves dades personals.<br \/> El dret d&#8217;oposici\u00f3 i a la limitaci\u00f3 del tractament: el dret a oposar-se al tractament de les seves dades personals, o a sol\u00b7licitar que no siguin utilitzats per a fins espec\u00edfics.<br \/> El dret a la portabilitat: el dret a sol\u00b7licitar les seves dades personals en un format electr\u00f2nic d&#8217;\u00fas com\u00fa, i al fet que es transmetin els mateixos a un tercer de la seva elecci\u00f3.<br \/> En tot cas, els titulars de les dades personals podran exercitar els seus drets d&#8217;acc\u00e9s, rectificaci\u00f3, cancel\u00b7laci\u00f3, portabilitat de les dades i de limitaci\u00f3 o oposici\u00f3 al tractament mitjan\u00e7ant correu electr\u00f2nic dirigit a info@axdron.com o en la seg\u00fcent adre\u00e7a: Carrer\/M.C. Verdaguer,2 de Riudecols 43390 (Tarragona), amb N\u00famero d&#8217;Identificaci\u00f3 Fiscal (NIF) 39918435-A.<\/p>\n<p>En cas que el titular de les dades estimi que els seus drets han estat vulnerats o que s&#8217;ha realitzat un tractament il\u00b7l\u00edcit, podr\u00e0 presentar una reclamaci\u00f3 davant la corresponent autoritat de control (Ag\u00e8ncia Espanyola de Protecci\u00f3 de Dades. C\/ Jorge Juan, 6. www.agpd.es. T: 912 66 35 17).<\/p>\n<p>6. CONSERVACI\u00d3 DE LES DADES<\/p>\n<p>Les dades personals facilitades per a la prestaci\u00f3 de serveis es conservaran mentre es mantingui la relaci\u00f3 contractual amb AXDRON. Posteriorment, les dades es mantindran bloquejats durant un per\u00edode que no excedir\u00e0 de 5 anys per a poder fer front a possibles responsabilitats o requeriments de les Administracions P\u00fabliques.<\/p>\n<p>Les dades personals facilitades per a rebre informaci\u00f3 d&#8217;actualitat, esdeveniments o serveis, s&#8217;eliminaran quan el titular de les dades revoqui el seu consentiment a rebre aquestes comunicacions.<\/p>\n<p>7. MESURES DE SEGURETAT<\/p>\n<p>De conformitat amb la normativa vigent, ALEIX implementa mesures t\u00e8cniques i organitzatives de seguretat adequades per a la protecci\u00f3 de les dades personals contra la destrucci\u00f3, p\u00e8rdua o alteraci\u00f3 accidental o il\u00b7l\u00edcita de dades personals transmeses, conservats o tractats d&#8217;una altra forma, o la comunicaci\u00f3 o acc\u00e9s no autoritzats a aquestes dades.<\/p>\n<p>[\/et_pb_text][\/et_pb_column][\/et_pb_row][\/et_pb_section]<\/p>\n","protected":false},"excerpt":{"rendered":"<p>[et_pb_section fb_built=&#8221;1&#8243; admin_label=&#8221;Page Header&#8221; _builder_version=&#8221;3.22&#8243; background_image=&#8221;https:\/\/uavdronetarragona.com\/wp-content\/uploads\/2020\/12\/circle-background-pattern.png&#8221; custom_padding=&#8221;67px|0px|67.1875px|0px|false|false&#8221; animation_style=&#8221;zoom&#8221; animation_intensity_zoom=&#8221;4%&#8221;][et_pb_row _builder_version=&#8221;3.25&#8243; background_size=&#8221;initial&#8221; background_position=&#8221;top_left&#8221; background_repeat=&#8221;repeat&#8221; custom_padding=&#8221;|||&#8221; animation_style=&#8221;slide&#8221; animation_direction=&#8221;top&#8221; animation_intensity_slide=&#8221;3%&#8221;][et_pb_column type=&#8221;4_4&#8243; _builder_version=&#8221;3.25&#8243; custom_padding=&#8221;|||&#8221; custom_padding__hover=&#8221;|||&#8221;][et_pb_text _builder_version=&#8221;3.27.4&#8243; text_font=&#8221;||||||||&#8221; header_font=&#8221;Montserrat|700||on|||||dotted&#8221; header_text_color=&#8221;#353740&#8243; header_font_size=&#8221;60px&#8221; header_line_height=&#8221;1.3em&#8221; background_size=&#8221;initial&#8221; background_position=&#8221;top_left&#8221; background_repeat=&#8221;repeat&#8221; custom_margin=&#8221;|||&#8221; animation_style=&#8221;fade&#8221; header_font_size_last_edited=&#8221;off|desktop&#8221; locked=&#8221;off&#8221;] POL\u00cdTICA DE PRIVACItAt [\/et_pb_text][et_pb_divider show_divider=&#8221;off&#8221; disabled_on=&#8221;on|on|off&#8221; _builder_version=&#8221;3.2&#8243; max_width=&#8221;120px&#8221; animation_style=&#8221;slide&#8221; animation_direction=&#8221;top&#8221; animation_intensity_slide=&#8221;30%&#8221;][\/et_pb_divider][\/et_pb_column][\/et_pb_row][\/et_pb_section][et_pb_section fb_built=&#8221;1&#8243; _builder_version=&#8221;4.7.7&#8243; _module_preset=&#8221;default&#8221;][et_pb_row _builder_version=&#8221;4.7.7&#8243; _module_preset=&#8221;default&#8221;][et_pb_column type=&#8221;4_4&#8243; _builder_version=&#8221;4.7.7&#8243; _module_preset=&#8221;default&#8221;][et_pb_text _builder_version=&#8221;4.7.7&#8243; _module_preset=&#8221;default&#8221; [&hellip;]<\/p>\n","protected":false},"author":1,"featured_media":0,"parent":0,"menu_order":0,"comment_status":"closed","ping_status":"closed","template":"","meta":{"_et_pb_use_builder":"on","_et_pb_old_content":"","_et_gb_content_width":""},"yoast_head":"<!-- This site is optimized with the Yoast SEO plugin v15.5 - https:\/\/yoast.com\/wordpress\/plugins\/seo\/ -->\n<title>POLITICA DE PRIVACITAT - UAV Drone Tarragona<\/title>\n<meta name=\"robots\" content=\"index, follow, max-snippet:-1, max-image-preview:large, max-video-preview:-1\" \/>\n<link rel=\"canonical\" href=\"https:\/\/uavdronetarragona.com\/ca\/cookies-2\/\" \/>\n<meta property=\"og:locale\" content=\"ca_ES\" \/>\n<meta property=\"og:type\" content=\"article\" \/>\n<meta property=\"og:title\" content=\"POLITICA DE PRIVACITAT - UAV Drone Tarragona\" \/>\n<meta property=\"og:description\" content=\"[et_pb_section fb_built=&#8221;1&#8243; admin_label=&#8221;Page Header&#8221; _builder_version=&#8221;3.22&#8243; background_image=&#8221;https:\/\/uavdronetarragona.com\/wp-content\/uploads\/2020\/12\/circle-background-pattern.png&#8221; custom_padding=&#8221;67px|0px|67.1875px|0px|false|false&#8221; animation_style=&#8221;zoom&#8221; animation_intensity_zoom=&#8221;4%&#8221;][et_pb_row _builder_version=&#8221;3.25&#8243; background_size=&#8221;initial&#8221; background_position=&#8221;top_left&#8221; background_repeat=&#8221;repeat&#8221; custom_padding=&#8221;|||&#8221; animation_style=&#8221;slide&#8221; animation_direction=&#8221;top&#8221; animation_intensity_slide=&#8221;3%&#8221;][et_pb_column type=&#8221;4_4&#8243; _builder_version=&#8221;3.25&#8243; custom_padding=&#8221;|||&#8221; custom_padding__hover=&#8221;|||&#8221;][et_pb_text _builder_version=&#8221;3.27.4&#8243; text_font=&#8221;||||||||&#8221; header_font=&#8221;Montserrat|700||on|||||dotted&#8221; header_text_color=&#8221;#353740&#8243; header_font_size=&#8221;60px&#8221; header_line_height=&#8221;1.3em&#8221; background_size=&#8221;initial&#8221; background_position=&#8221;top_left&#8221; background_repeat=&#8221;repeat&#8221; custom_margin=&#8221;|||&#8221; animation_style=&#8221;fade&#8221; header_font_size_last_edited=&#8221;off|desktop&#8221; locked=&#8221;off&#8221;] POL\u00cdTICA DE PRIVACItAt [\/et_pb_text][et_pb_divider show_divider=&#8221;off&#8221; disabled_on=&#8221;on|on|off&#8221; _builder_version=&#8221;3.2&#8243; max_width=&#8221;120px&#8221; animation_style=&#8221;slide&#8221; animation_direction=&#8221;top&#8221; animation_intensity_slide=&#8221;30%&#8221;][\/et_pb_divider][\/et_pb_column][\/et_pb_row][\/et_pb_section][et_pb_section fb_built=&#8221;1&#8243; _builder_version=&#8221;4.7.7&#8243; _module_preset=&#8221;default&#8221;][et_pb_row _builder_version=&#8221;4.7.7&#8243; _module_preset=&#8221;default&#8221;][et_pb_column type=&#8221;4_4&#8243; _builder_version=&#8221;4.7.7&#8243; _module_preset=&#8221;default&#8221;][et_pb_text _builder_version=&#8221;4.7.7&#8243; _module_preset=&#8221;default&#8221; [&hellip;]\" \/>\n<meta property=\"og:url\" content=\"https:\/\/uavdronetarragona.com\/ca\/cookies-2\/\" \/>\n<meta property=\"og:site_name\" content=\"UAV Drone Tarragona\" \/>\n<meta property=\"article:modified_time\" content=\"2021-06-10T10:10:36+00:00\" \/>\n<meta name=\"twitter:card\" content=\"summary_large_image\" \/>\n<meta name=\"twitter:label1\" content=\"Temps estimat de lectura\">\n\t<meta name=\"twitter:data1\" content=\"3 minuts\">\n<script type=\"application\/ld+json\" class=\"yoast-schema-graph\">{\"@context\":\"https:\/\/schema.org\",\"@graph\":[{\"@type\":\"WebSite\",\"@id\":\"https:\/\/uavdronetarragona.com\/#website\",\"url\":\"https:\/\/uavdronetarragona.com\/\",\"name\":\"UAV Drone Tarragona\",\"description\":\"Grabaci\\u00f3n de v\\u00eddeo con drone\",\"potentialAction\":[{\"@type\":\"SearchAction\",\"target\":\"https:\/\/uavdronetarragona.com\/?s={search_term_string}\",\"query-input\":\"required name=search_term_string\"}],\"inLanguage\":\"ca\"},{\"@type\":\"WebPage\",\"@id\":\"https:\/\/uavdronetarragona.com\/ca\/cookies-2\/#webpage\",\"url\":\"https:\/\/uavdronetarragona.com\/ca\/cookies-2\/\",\"name\":\"POLITICA DE PRIVACITAT - UAV Drone Tarragona\",\"isPartOf\":{\"@id\":\"https:\/\/uavdronetarragona.com\/#website\"},\"datePublished\":\"2021-06-10T10:07:39+00:00\",\"dateModified\":\"2021-06-10T10:10:36+00:00\",\"inLanguage\":\"ca\",\"potentialAction\":[{\"@type\":\"ReadAction\",\"target\":[\"https:\/\/uavdronetarragona.com\/ca\/cookies-2\/\"]}]}]}<\/script>\n<!-- \/ Yoast SEO plugin. -->","_links":{"self":[{"href":"https:\/\/uavdronetarragona.com\/ca\/wp-json\/wp\/v2\/pages\/837"}],"collection":[{"href":"https:\/\/uavdronetarragona.com\/ca\/wp-json\/wp\/v2\/pages"}],"about":[{"href":"https:\/\/uavdronetarragona.com\/ca\/wp-json\/wp\/v2\/types\/page"}],"author":[{"embeddable":true,"href":"https:\/\/uavdronetarragona.com\/ca\/wp-json\/wp\/v2\/users\/1"}],"replies":[{"embeddable":true,"href":"https:\/\/uavdronetarragona.com\/ca\/wp-json\/wp\/v2\/comments?post=837"}],"version-history":[{"count":4,"href":"https:\/\/uavdronetarragona.com\/ca\/wp-json\/wp\/v2\/pages\/837\/revisions"}],"predecessor-version":[{"id":843,"href":"https:\/\/uavdronetarragona.com\/ca\/wp-json\/wp\/v2\/pages\/837\/revisions\/843"}],"wp:attachment":[{"href":"https:\/\/uavdronetarragona.com\/ca\/wp-json\/wp\/v2\/media?parent=837"}],"curies":[{"name":"wp","href":"https:\/\/api.w.org\/{rel}","templated":true}]}}