{"id":822,"date":"2021-06-10T10:02:28","date_gmt":"2021-06-10T10:02:28","guid":{"rendered":"https:\/\/uavdronetarragona.com\/cookies\/"},"modified":"2021-06-10T10:07:49","modified_gmt":"2021-06-10T10:07:49","slug":"cookies","status":"publish","type":"page","link":"https:\/\/uavdronetarragona.com\/ca\/cookies\/","title":{"rendered":"Cookies"},"content":{"rendered":"<p>[et_pb_section fb_built=&#8221;1&#8243; admin_label=&#8221;Page Header&#8221; _builder_version=&#8221;3.22&#8243; background_image=&#8221;https:\/\/uavdronetarragona.com\/wp-content\/uploads\/2020\/12\/circle-background-pattern.png&#8221; custom_padding=&#8221;67px|0px|67.1875px|0px|false|false&#8221; animation_style=&#8221;zoom&#8221; animation_intensity_zoom=&#8221;4%&#8221;][et_pb_row _builder_version=&#8221;3.25&#8243; background_size=&#8221;initial&#8221; background_position=&#8221;top_left&#8221; background_repeat=&#8221;repeat&#8221; custom_padding=&#8221;|||&#8221; animation_style=&#8221;slide&#8221; animation_direction=&#8221;top&#8221; animation_intensity_slide=&#8221;3%&#8221;][et_pb_column type=&#8221;4_4&#8243; _builder_version=&#8221;3.25&#8243; custom_padding=&#8221;|||&#8221; custom_padding__hover=&#8221;|||&#8221;][et_pb_text _builder_version=&#8221;3.27.4&#8243; text_font=&#8221;||||||||&#8221; header_font=&#8221;Montserrat|700||on|||||dotted&#8221; header_text_color=&#8221;#353740&#8243; header_font_size=&#8221;60px&#8221; header_line_height=&#8221;1.3em&#8221; background_size=&#8221;initial&#8221; background_position=&#8221;top_left&#8221; background_repeat=&#8221;repeat&#8221; custom_margin=&#8221;|||&#8221; animation_style=&#8221;fade&#8221; header_font_size_last_edited=&#8221;off|desktop&#8221; locked=&#8221;off&#8221;]<\/p>\n<h1>Av\u00eds legal I COOKIES<\/h1>\n<p>[\/et_pb_text][et_pb_divider show_divider=&#8221;off&#8221; disabled_on=&#8221;on|on|off&#8221; _builder_version=&#8221;3.2&#8243; max_width=&#8221;120px&#8221; animation_style=&#8221;slide&#8221; animation_direction=&#8221;top&#8221; animation_intensity_slide=&#8221;30%&#8221;][\/et_pb_divider][\/et_pb_column][\/et_pb_row][\/et_pb_section][et_pb_section fb_built=&#8221;1&#8243; _builder_version=&#8221;4.7.7&#8243; _module_preset=&#8221;default&#8221;][et_pb_row _builder_version=&#8221;4.7.7&#8243; _module_preset=&#8221;default&#8221;][et_pb_column type=&#8221;4_4&#8243; _builder_version=&#8221;4.7.7&#8243; _module_preset=&#8221;default&#8221;][et_pb_text _builder_version=&#8221;4.7.7&#8243; _module_preset=&#8221;default&#8221;]1. DADES IDENTIFICATIVES<\/p>\n<p>ALEIX OSED CABR\u00c9 (d&#8217;ara endavant, \u201cALEIX\u201d), \u00e9s una persona f\u00edsica amb domicili social Carrer\/M.C. Verdaguer,2 de Riudecols 43390 (Tarragona), amb N\u00famero d&#8217;Identificaci\u00f3 Fiscal (NIF) 39918435-A.<\/p>\n<p>Per a m\u00e9s informaci\u00f3 sobre ALEIX, visiti www.uavdronetarragona.com o posi&#8217;s en contacte amb nosaltres a trav\u00e9s de l&#8217;adre\u00e7a de correu electr\u00f2nic hola@uavdronetarragona.com, o en el tel\u00e8fon (+34) 665022091.<\/p>\n<p>2. \u00c0MBIT D&#8217;APLICACI\u00d3<\/p>\n<p>2.1 Les presents condicions generals tenen per objecte regular l&#8217;acc\u00e9s, navegaci\u00f3 i \u00fas dels continguts oferts per ALEIX i que siguin accessibles a trav\u00e9s del portal d&#8217;Internet de ALEIX (a trav\u00e9s del nom de domini www.uavdronetarragona.com, aix\u00ed com qualssevol altres dominis de ALEIX que poguessin ser utilitzats en un futur) (d&#8217;ara endavant, el \u201cPortal\u201d). No obstant aix\u00f2, ALEIX es reserva el dret a establir condicions particulars que regulin l&#8217;\u00fas i\/o contractaci\u00f3 de serveis espec\u00edfics oferts als Usuaris a trav\u00e9s del Portal. En aquest sentit, s&#8217;entendr\u00e0 per Usuari a la persona que accedeixi, navegui o utilitzi els serveis gratu\u00efts o onerosos accessibles a trav\u00e9s del Portal.<\/p>\n<p>2.2 S&#8217;entendr\u00e0 que l&#8217;acc\u00e9s o la mera utilitzaci\u00f3 del Portal per part de l&#8217;Usuari implica l&#8217;adhesi\u00f3 d&#8217;aquest a les condicions generals que estiguin publicades en el Portal. En conseq\u00fc\u00e8ncia, es recomana a l&#8217;Usuari que llegeixi atentament les condicions generals aplicables a cada moment.<\/p>\n<p>2.3 ALEIX es reserva el dret a modificar els presents termes i condicions, totalment o parcialment.<\/p>\n<p>3. DRETS DE PROPIETAT INTEL\u00b7LECTUAL I INDUSTRIAL<\/p>\n<p>3.1 Tots els continguts del Portal, incloent, sense limitaci\u00f3, els textos, imatges, dissenys, programes, aplicacions, marques i logotips, s\u00f3n propietat de ALEIX o, en el seu cas, dels tercers amb els quals s&#8217;haguessin subscrit els corresponents contractes de llic\u00e8ncia i estan protegits per drets de propietat intel\u00b7lectual i industrial.<\/p>\n<p>3.2 Els continguts del Portal s&#8217;emeten amb finalitats merament informatius i poden ser modificats i actualitzats en qualsevol moment.<\/p>\n<p>3.3 Les denominacions \u201cUAV Drone\u201d s\u00f3n titularitat exclusiva de ALEIX. En relaci\u00f3 amb les denominacions, marques o noms comercials, registrats o no, aix\u00ed com qualssevol continguts del Portal, es prohibeix expressament la seva reproducci\u00f3 i, en general, qualsevol forma d&#8217;explotaci\u00f3 dels mateixos sense el consentiment previ de ALEIX.<\/p>\n<p>4. ENLLA\u00c7OS A ALTRES LLOCS WEB<\/p>\n<p>En el Portal l&#8217;Usuari podr\u00e0 trobar enlla\u00e7os a altres llocs web mitjan\u00e7ant diferents links, b\u00e0ners, etc., la gesti\u00f3 dels quals correspon a tercers. Aix\u00ed mateix, ALEIX no assumeix cap mena de responsabilitat derivada de qualsevol aspecte relatiu als llocs web de tercers a les quals s&#8217;estableixi un enlla\u00e7 des del Portal.<\/p>\n<p>5. PROTECCI\u00d3 DE DADES<\/p>\n<p>Tota informaci\u00f3 enviada a ALEIX a trav\u00e9s dels formularis o dispositius de recollida de dades accessibles en el Portal, ser\u00e0 tractada amb car\u00e0cter confidencial i, en la mesura en qu\u00e8 impliqui un tractament de dades de car\u00e0cter personal, aquest tractament es dur\u00e0 a terme conforme al que s&#8217;estableix en la normativa vigent en mat\u00e8ria de protecci\u00f3 de dades, especialment en les disposicions contingudes en el Reglament General de Protecci\u00f3 de Dades (Reglament (UE) 2016\/679 del Parlament Europeu i del Consell, de 27 d&#8217;abril de 2016, relatiu a la protecci\u00f3 de les persones f\u00edsiques pel que fa al tractament de dades personals i a la lliure circulaci\u00f3 d&#8217;aquestes dades i pel qual es deroga la Directiva 95\/46\/CE). ALEIX tractar\u00e0 les dades personals amb la finalitat de gestionar la relaci\u00f3 amb els Usuaris, i, en el seu cas, dur a terme una correcta gesti\u00f3 dels serveis prestats per ALEIX.<\/p>\n<p>En tot cas, els titulars de les dades personals podran exercitar els seus drets d&#8217;acc\u00e9s, rectificaci\u00f3, cancel\u00b7laci\u00f3, portabilitat de les dades i de limitaci\u00f3 o oposici\u00f3 al tractament mitjan\u00e7ant correu electr\u00f2nic dirigit a info@axdron.com o en la seg\u00fcent adre\u00e7a: Carrer\/M.C. Verdaguer,2 de Riudecols 43390 (Tarragona).<\/p>\n<p>6. COOKIES<\/p>\n<p>Qu\u00e8 s\u00f3n les cookies?<\/p>\n<p>Les cookies s\u00f3n procediments que es generen de manera autom\u00e0tica en navegar pels llocs web. Mitjan\u00e7ant aquests procediments es generen en l&#8217;equip inform\u00e0tic de l&#8217;Usuari uns petits fitxers de dades, imperceptibles per a l&#8217;Usuari, mitjan\u00e7ant els quals ALEIX pot tenir acc\u00e9s a determinada informaci\u00f3 personal de l&#8217;Usuari, entre una altra, informaci\u00f3 relativa a: data i hora de l&#8217;\u00faltima visita de l&#8217;Usuari al Portal; informaci\u00f3 del Portal que va ser consultada per l&#8217;Usuari en la seva \u00faltima visita; proced\u00e8ncia de l&#8217;usuari. Aix\u00ed, cada vegada que l&#8217;Usuari accedeixi de nou al Portal, els fitxers esmentats en el par\u00e0graf anterior s&#8217;activaran autom\u00e0ticament, configurant-se aix\u00ed el lloc web amb les prefer\u00e8ncies assenyalades en anteriors visites de l&#8217;Usuari. Aquest tipus de fitxers denominats \u201ccookies de sessi\u00f3\u201d podran ser utilitzats per ALEIX durant l&#8217;acc\u00e9s als Continguts per part de l&#8217;Usuari.<\/p>\n<p>Tots els Usuaris disposen d&#8217;una opci\u00f3 per a impossibilitar la generaci\u00f3 de fitxers cookie o per a advertir a l&#8217;Usuari en el moment en el qual es vagin a crear aquests arxius. Per a aix\u00f2, l&#8217;Usuari ha de seleccionar l&#8217;opci\u00f3 que correspongui conforme al seu programa de Navegador.<\/p>\n<p>7. LIMITACI\u00d3 DE RESPONSABILITAT<\/p>\n<p>L&#8217;acc\u00e9s dels Usuaris al Portal no implica cap obligaci\u00f3 per part de ALEIX de controlar l&#8217;abs\u00e8ncia de virus o elements inform\u00e0tics que puguin tenir algun efecte nociu en l&#8217;equip inform\u00e0tic de l&#8217;Usuari. En tot cas, correspondr\u00e0 a l&#8217;Usuari disposar de les eines necess\u00e0ries per a detectar aquests virus o elements inform\u00e0tics de car\u00e0cter nociu. Per tot l&#8217;anterior, ALEIX no ser\u00e0 responsable dels possibles danys ocasionats en els equips inform\u00e0tics dels Usuaris o de tercers durant la navegaci\u00f3 dels mateixos a trav\u00e9s del Portal o de l&#8217;acc\u00e9s als seus Continguts.<\/p>\n<p>8. JURISDICCI\u00d3<\/p>\n<p>Les presents Condicions Generals es regiran i seran interpretades per la llei espanyola vigent.<\/p>\n<p>Per a la interpretaci\u00f3 o execuci\u00f3 de les disposicions contingudes en les presents Condicions Generals, ALEIX i l&#8217;Usuari se sotmeten als Jutjats i Tribunals de la ciutat de Madrid, amb ren\u00fancia expressa al fur que pogu\u00e9s correspondre&#8217;ls en cas que fos un altre.[\/et_pb_text][\/et_pb_column][\/et_pb_row][\/et_pb_section]<\/p>\n","protected":false},"excerpt":{"rendered":"<p>[et_pb_section fb_built=&#8221;1&#8243; admin_label=&#8221;Page Header&#8221; _builder_version=&#8221;3.22&#8243; background_image=&#8221;https:\/\/uavdronetarragona.com\/wp-content\/uploads\/2020\/12\/circle-background-pattern.png&#8221; custom_padding=&#8221;67px|0px|67.1875px|0px|false|false&#8221; animation_style=&#8221;zoom&#8221; animation_intensity_zoom=&#8221;4%&#8221;][et_pb_row _builder_version=&#8221;3.25&#8243; background_size=&#8221;initial&#8221; background_position=&#8221;top_left&#8221; background_repeat=&#8221;repeat&#8221; custom_padding=&#8221;|||&#8221; animation_style=&#8221;slide&#8221; animation_direction=&#8221;top&#8221; animation_intensity_slide=&#8221;3%&#8221;][et_pb_column type=&#8221;4_4&#8243; _builder_version=&#8221;3.25&#8243; custom_padding=&#8221;|||&#8221; custom_padding__hover=&#8221;|||&#8221;][et_pb_text _builder_version=&#8221;3.27.4&#8243; text_font=&#8221;||||||||&#8221; header_font=&#8221;Montserrat|700||on|||||dotted&#8221; header_text_color=&#8221;#353740&#8243; header_font_size=&#8221;60px&#8221; header_line_height=&#8221;1.3em&#8221; background_size=&#8221;initial&#8221; background_position=&#8221;top_left&#8221; background_repeat=&#8221;repeat&#8221; custom_margin=&#8221;|||&#8221; animation_style=&#8221;fade&#8221; header_font_size_last_edited=&#8221;off|desktop&#8221; locked=&#8221;off&#8221;] Av\u00eds legal I COOKIES [\/et_pb_text][et_pb_divider show_divider=&#8221;off&#8221; disabled_on=&#8221;on|on|off&#8221; _builder_version=&#8221;3.2&#8243; max_width=&#8221;120px&#8221; animation_style=&#8221;slide&#8221; animation_direction=&#8221;top&#8221; animation_intensity_slide=&#8221;30%&#8221;][\/et_pb_divider][\/et_pb_column][\/et_pb_row][\/et_pb_section][et_pb_section fb_built=&#8221;1&#8243; _builder_version=&#8221;4.7.7&#8243; _module_preset=&#8221;default&#8221;][et_pb_row _builder_version=&#8221;4.7.7&#8243; _module_preset=&#8221;default&#8221;][et_pb_column type=&#8221;4_4&#8243; _builder_version=&#8221;4.7.7&#8243; _module_preset=&#8221;default&#8221;][et_pb_text _builder_version=&#8221;4.7.7&#8243; [&hellip;]<\/p>\n","protected":false},"author":1,"featured_media":0,"parent":0,"menu_order":0,"comment_status":"closed","ping_status":"closed","template":"","meta":{"_et_pb_use_builder":"on","_et_pb_old_content":"","_et_gb_content_width":""},"yoast_head":"<!-- This site is optimized with the Yoast SEO plugin v15.5 - https:\/\/yoast.com\/wordpress\/plugins\/seo\/ -->\n<title>Cookies - UAV Drone Tarragona<\/title>\n<meta name=\"robots\" content=\"index, follow, max-snippet:-1, max-image-preview:large, max-video-preview:-1\" \/>\n<link rel=\"canonical\" href=\"https:\/\/uavdronetarragona.com\/ca\/cookies\/\" \/>\n<meta property=\"og:locale\" content=\"ca_ES\" \/>\n<meta property=\"og:type\" content=\"article\" \/>\n<meta property=\"og:title\" content=\"Cookies - UAV Drone Tarragona\" \/>\n<meta property=\"og:description\" content=\"[et_pb_section fb_built=&#8221;1&#8243; admin_label=&#8221;Page Header&#8221; _builder_version=&#8221;3.22&#8243; background_image=&#8221;https:\/\/uavdronetarragona.com\/wp-content\/uploads\/2020\/12\/circle-background-pattern.png&#8221; custom_padding=&#8221;67px|0px|67.1875px|0px|false|false&#8221; animation_style=&#8221;zoom&#8221; animation_intensity_zoom=&#8221;4%&#8221;][et_pb_row _builder_version=&#8221;3.25&#8243; background_size=&#8221;initial&#8221; background_position=&#8221;top_left&#8221; background_repeat=&#8221;repeat&#8221; custom_padding=&#8221;|||&#8221; animation_style=&#8221;slide&#8221; animation_direction=&#8221;top&#8221; animation_intensity_slide=&#8221;3%&#8221;][et_pb_column type=&#8221;4_4&#8243; _builder_version=&#8221;3.25&#8243; custom_padding=&#8221;|||&#8221; custom_padding__hover=&#8221;|||&#8221;][et_pb_text _builder_version=&#8221;3.27.4&#8243; text_font=&#8221;||||||||&#8221; header_font=&#8221;Montserrat|700||on|||||dotted&#8221; header_text_color=&#8221;#353740&#8243; header_font_size=&#8221;60px&#8221; header_line_height=&#8221;1.3em&#8221; background_size=&#8221;initial&#8221; background_position=&#8221;top_left&#8221; background_repeat=&#8221;repeat&#8221; custom_margin=&#8221;|||&#8221; animation_style=&#8221;fade&#8221; header_font_size_last_edited=&#8221;off|desktop&#8221; locked=&#8221;off&#8221;] Av\u00eds legal I COOKIES [\/et_pb_text][et_pb_divider show_divider=&#8221;off&#8221; disabled_on=&#8221;on|on|off&#8221; _builder_version=&#8221;3.2&#8243; max_width=&#8221;120px&#8221; animation_style=&#8221;slide&#8221; animation_direction=&#8221;top&#8221; animation_intensity_slide=&#8221;30%&#8221;][\/et_pb_divider][\/et_pb_column][\/et_pb_row][\/et_pb_section][et_pb_section fb_built=&#8221;1&#8243; _builder_version=&#8221;4.7.7&#8243; _module_preset=&#8221;default&#8221;][et_pb_row _builder_version=&#8221;4.7.7&#8243; _module_preset=&#8221;default&#8221;][et_pb_column type=&#8221;4_4&#8243; _builder_version=&#8221;4.7.7&#8243; _module_preset=&#8221;default&#8221;][et_pb_text _builder_version=&#8221;4.7.7&#8243; [&hellip;]\" \/>\n<meta property=\"og:url\" content=\"https:\/\/uavdronetarragona.com\/ca\/cookies\/\" \/>\n<meta property=\"og:site_name\" content=\"UAV Drone Tarragona\" \/>\n<meta property=\"article:modified_time\" content=\"2021-06-10T10:07:49+00:00\" \/>\n<meta name=\"twitter:card\" content=\"summary_large_image\" \/>\n<meta name=\"twitter:label1\" content=\"Temps estimat de lectura\">\n\t<meta name=\"twitter:data1\" content=\"5 minuts\">\n<script type=\"application\/ld+json\" class=\"yoast-schema-graph\">{\"@context\":\"https:\/\/schema.org\",\"@graph\":[{\"@type\":\"WebSite\",\"@id\":\"https:\/\/uavdronetarragona.com\/#website\",\"url\":\"https:\/\/uavdronetarragona.com\/\",\"name\":\"UAV Drone Tarragona\",\"description\":\"Grabaci\\u00f3n de v\\u00eddeo con drone\",\"potentialAction\":[{\"@type\":\"SearchAction\",\"target\":\"https:\/\/uavdronetarragona.com\/?s={search_term_string}\",\"query-input\":\"required name=search_term_string\"}],\"inLanguage\":\"ca\"},{\"@type\":\"WebPage\",\"@id\":\"https:\/\/uavdronetarragona.com\/ca\/cookies\/#webpage\",\"url\":\"https:\/\/uavdronetarragona.com\/ca\/cookies\/\",\"name\":\"Cookies - UAV Drone Tarragona\",\"isPartOf\":{\"@id\":\"https:\/\/uavdronetarragona.com\/#website\"},\"datePublished\":\"2021-06-10T10:02:28+00:00\",\"dateModified\":\"2021-06-10T10:07:49+00:00\",\"inLanguage\":\"ca\",\"potentialAction\":[{\"@type\":\"ReadAction\",\"target\":[\"https:\/\/uavdronetarragona.com\/ca\/cookies\/\"]}]}]}<\/script>\n<!-- \/ Yoast SEO plugin. -->","_links":{"self":[{"href":"https:\/\/uavdronetarragona.com\/ca\/wp-json\/wp\/v2\/pages\/822"}],"collection":[{"href":"https:\/\/uavdronetarragona.com\/ca\/wp-json\/wp\/v2\/pages"}],"about":[{"href":"https:\/\/uavdronetarragona.com\/ca\/wp-json\/wp\/v2\/types\/page"}],"author":[{"embeddable":true,"href":"https:\/\/uavdronetarragona.com\/ca\/wp-json\/wp\/v2\/users\/1"}],"replies":[{"embeddable":true,"href":"https:\/\/uavdronetarragona.com\/ca\/wp-json\/wp\/v2\/comments?post=822"}],"version-history":[{"count":3,"href":"https:\/\/uavdronetarragona.com\/ca\/wp-json\/wp\/v2\/pages\/822\/revisions"}],"predecessor-version":[{"id":832,"href":"https:\/\/uavdronetarragona.com\/ca\/wp-json\/wp\/v2\/pages\/822\/revisions\/832"}],"wp:attachment":[{"href":"https:\/\/uavdronetarragona.com\/ca\/wp-json\/wp\/v2\/media?parent=822"}],"curies":[{"name":"wp","href":"https:\/\/api.w.org\/{rel}","templated":true}]}}