{"id":713,"date":"2021-04-22T07:36:35","date_gmt":"2021-04-22T07:36:35","guid":{"rendered":"https:\/\/uavdronetarragona.com\/steadycam-cablecam\/"},"modified":"2021-05-26T15:03:55","modified_gmt":"2021-05-26T15:03:55","slug":"steadycam-cablecam-a-tarragona","status":"publish","type":"page","link":"https:\/\/uavdronetarragona.com\/ca\/steadycam-cablecam-a-tarragona\/","title":{"rendered":"SteadyCam &#038; CableCam"},"content":{"rendered":"<p>[et_pb_section fb_built=&#8221;1&#8243; admin_label=&#8221;Hero&#8221; _builder_version=&#8221;4.7.7&#8243; use_background_color_gradient=&#8221;on&#8221; background_color_gradient_start=&#8221;rgba(0,0,0,0.6)&#8221; background_color_gradient_end=&#8221;rgba(0,0,0,0.6)&#8221; background_color_gradient_overlays_image=&#8221;on&#8221; background_image=&#8221;https:\/\/uavdronetarragona.com\/wp-content\/uploads\/2021\/05\/Cablecam.jpg&#8221; custom_padding=&#8221;110px|0px|110px|0px|false|false&#8221; animation_style=&#8221;zoom&#8221; animation_intensity_zoom=&#8221;4%&#8221;][et_pb_row _builder_version=&#8221;3.25&#8243; background_size=&#8221;initial&#8221; background_position=&#8221;top_left&#8221; background_repeat=&#8221;repeat&#8221; custom_padding=&#8221;|||&#8221; animation_style=&#8221;slide&#8221; animation_direction=&#8221;top&#8221; animation_intensity_slide=&#8221;3%&#8221; hover_enabled=&#8221;0&#8243; sticky_enabled=&#8221;0&#8243;][et_pb_column type=&#8221;4_4&#8243; _builder_version=&#8221;3.25&#8243; custom_padding=&#8221;|||&#8221; custom_padding__hover=&#8221;|||&#8221;][et_pb_text _builder_version=&#8221;4.7.7&#8243; text_font=&#8221;Montserrat|500||on|||||&#8221; text_text_color=&#8221;#f7f7f7&#8243; text_font_size=&#8221;16px&#8221; text_letter_spacing=&#8221;3px&#8221; background_size=&#8221;initial&#8221; background_position=&#8221;top_left&#8221; background_repeat=&#8221;repeat&#8221; custom_margin=&#8221;|||&#8221; animation_style=&#8221;slide&#8221; animation_direction=&#8221;bottom&#8221; hover_enabled=&#8221;0&#8243; locked=&#8221;off&#8221; sticky_enabled=&#8221;0&#8243;]<\/p>\n<p>Operadora de drone a tarragona<\/p>\n<p>[\/et_pb_text][et_pb_text _builder_version=&#8221;4.7.7&#8243; text_font=&#8221;||||||||&#8221; header_font=&#8221;Montserrat|700||on|||||&#8221; header_text_color=&#8221;#ffffff&#8221; header_font_size=&#8221;60px&#8221; header_line_height=&#8221;1.3em&#8221; header_2_font=&#8221;||||||||&#8221; background_size=&#8221;initial&#8221; background_position=&#8221;top_left&#8221; background_repeat=&#8221;repeat&#8221; custom_margin=&#8221;|||&#8221; animation_style=&#8221;fade&#8221; hover_enabled=&#8221;0&#8243; header_font_size_last_edited=&#8221;off|desktop&#8221; locked=&#8221;off&#8221; sticky_enabled=&#8221;0&#8243;]<\/p>\n<h1>STEADYCAM i CABLECAM<\/h1>\n<p>[\/et_pb_text][et_pb_text _builder_version=&#8221;4.7.7&#8243; text_font=&#8221;||||||||&#8221; text_text_color=&#8221;#ffffff&#8221; text_font_size=&#8221;24px&#8221; text_line_height=&#8221;1.8em&#8221; background_size=&#8221;initial&#8221; background_position=&#8221;top_left&#8221; background_repeat=&#8221;repeat&#8221; max_width=&#8221;700px&#8221; module_alignment=&#8221;left&#8221; custom_padding=&#8221;||0px|||&#8221; animation_style=&#8221;flip&#8221; animation_direction=&#8221;top&#8221; animation_intensity_flip=&#8221;20%&#8221; hover_enabled=&#8221;0&#8243; locked=&#8221;off&#8221; sticky_enabled=&#8221;0&#8243;]<\/p>\n<p><span>Steadycam<\/span><span> \u00e9s un sistema dissenyat per a proporcionar estabilitzaci\u00f3 a les preses terrestres en moviment.<\/span><\/p>\n<p>[\/et_pb_text][\/et_pb_column][\/et_pb_row][\/et_pb_section][et_pb_section fb_built=&#8221;1&#8243; admin_label=&#8221;Fullwidth Image&#8221; _builder_version=&#8221;3.22&#8243; custom_padding=&#8221;110px|0px|110px|0px&#8221;][et_pb_row _builder_version=&#8221;3.25&#8243; background_size=&#8221;initial&#8221; background_position=&#8221;top_left&#8221; background_repeat=&#8221;repeat&#8221;][et_pb_column type=&#8221;4_4&#8243; _builder_version=&#8221;3.25&#8243; custom_padding=&#8221;|||&#8221; custom_padding__hover=&#8221;|||&#8221;][et_pb_text _builder_version=&#8221;4.7.7&#8243; text_text_color=&#8221;#1e1e1c&#8221; text_font_size=&#8221;20px&#8221; text_line_height=&#8221;1.8em&#8221; background_size=&#8221;initial&#8221; background_position=&#8221;top_left&#8221; background_repeat=&#8221;repeat&#8221; text_orientation=&#8221;center&#8221; max_width=&#8221;700px&#8221; module_alignment=&#8221;center&#8221; animation_style=&#8221;fade&#8221; animation_direction=&#8221;top&#8221; hover_enabled=&#8221;0&#8243; sticky_enabled=&#8221;0&#8243;]<\/p>\n<div dir=\"ltr\" class=\"\">\n<div class=\"gmail_default\" style=\"text-align: center;\"><span>Des de fa anys la ind\u00fastria ha gastat milions d&#8217;euros per a desenvolupar un\u00a0<\/span><span>gimbal<\/span><span>\u00a0electr\u00f2nic per a estabilitzar en els tres eixos.<\/span><br \/><span>Amb 3 motors sense escombretes regulats mitjan\u00e7ant una placa electr\u00f2nica estabilitzadora i amb un programari complex, aconsegueix uns efectes revolucionaris.<\/span><\/div>\n<\/div>\n<p>[\/et_pb_text][\/et_pb_column][\/et_pb_row][et_pb_row column_structure=&#8221;1_2,1_2&#8243; _builder_version=&#8221;3.25&#8243; background_size=&#8221;initial&#8221; background_position=&#8221;top_left&#8221; background_repeat=&#8221;repeat&#8221;][et_pb_column type=&#8221;1_2&#8243; _builder_version=&#8221;3.25&#8243; custom_padding=&#8221;|||&#8221; custom_padding__hover=&#8221;|||&#8221;][et_pb_image src=&#8221;https:\/\/uavdronetarragona.com\/wp-content\/uploads\/2021\/05\/Ronin-Aleix-2ok.jpg&#8221; alt=&#8221;Operadora de drone en Tarragona&#8221; title_text=&#8221;Operadora de drone en Tarragona&#8221; _builder_version=&#8221;4.7.7&#8243; _module_preset=&#8221;default&#8221;][\/et_pb_image][\/et_pb_column][et_pb_column type=&#8221;1_2&#8243; _builder_version=&#8221;3.25&#8243; custom_padding=&#8221;|||&#8221; custom_padding__hover=&#8221;|||&#8221;][et_pb_image src=&#8221;https:\/\/uavdronetarragona.com\/wp-content\/uploads\/2021\/05\/Cablecam.jpg&#8221; alt=&#8221;Fotograf\u00eda con drone&#8221; title_text=&#8221;Cablecam&#8221; _builder_version=&#8221;4.7.7&#8243; _module_preset=&#8221;default&#8221;][\/et_pb_image][\/et_pb_column][\/et_pb_row][\/et_pb_section][et_pb_section fb_built=&#8221;1&#8243; admin_label=&#8221;Text and Image&#8221; _builder_version=&#8221;3.22&#8243; background_color=&#8221;#f7f7f7&#8243; custom_padding=&#8221;110px|0px|110px|0px&#8221;][et_pb_row column_structure=&#8221;1_2,1_2&#8243; _builder_version=&#8221;3.25&#8243; background_size=&#8221;initial&#8221; background_position=&#8221;top_left&#8221; background_repeat=&#8221;repeat&#8221;][et_pb_column type=&#8221;1_2&#8243; _builder_version=&#8221;3.25&#8243; custom_padding=&#8221;|||&#8221; custom_padding__hover=&#8221;|||&#8221;][et_pb_text _builder_version=&#8221;4.7.7&#8243; text_font=&#8221;||||||||&#8221; text_text_color=&#8221;#747d88&#8243; text_font_size=&#8221;18px&#8221; text_line_height=&#8221;1.8em&#8221; header_font=&#8221;||||||||&#8221; header_3_font=&#8221;Montserrat||||||||&#8221; header_3_line_height=&#8221;1.5em&#8221; background_size=&#8221;initial&#8221; background_position=&#8221;top_left&#8221; background_repeat=&#8221;repeat&#8221; max_width=&#8221;700px&#8221; module_alignment=&#8221;center&#8221; custom_margin=&#8221;120px|||&#8221; animation_style=&#8221;fade&#8221; animation_direction=&#8221;top&#8221; hover_enabled=&#8221;0&#8243; sticky_enabled=&#8221;0&#8243;]<\/p>\n<h3>Servei de steadycam i cablecam<\/h3>\n<p><span>En\u00a0UAV Drone<\/span><span>\u00a0disposem del\u00a0<\/span><span>Ronin<\/span><span>\u00a0<\/span><span>SC<\/span><span>\u00a0per a c\u00e0meres\u00a0<\/span><span>mirrorles<\/span><span>, est\u00e0 dissenyat per a portar-ho a qualsevol part i obre noves possibilitats per als cineastes i creadors de contingut en gaireb\u00e9 qualsevol situaci\u00f3. En estar fabricat amb magnesi, alumini i materials composts, d&#8217;alta resist\u00e8ncia, ofereix un gran rendiment pesant nom\u00e9s 1.1 kg.<\/span><\/p>\n<p><span>Cablecam<\/span><span>\u00a0consta d&#8217;una plataforma de c\u00e0mera de control remot amb cable susp\u00e8s per a filmar preses a\u00e8ries. El\u00a0<\/span><span>Cablecam<\/span><span>\u00a0\u00e9s un mecanisme motoritzat muntat en un cable que permet a l&#8217;operador moure una c\u00e0mera entre dos punts amb l&#8217;ajuda d&#8217;un\u00a0<\/span><span>gimbal<\/span><span>. La cambra est\u00e0 completament estabilitzada i pot aconseguir preses espectaculars. EL\u00a0<\/span><span>cablecam<\/span><span>\u00a0ens permet crear moviments cinem\u00e0tics en entorns en els quals no podr\u00edem usar els nostres drons.<\/span><\/p>\n<p>[\/et_pb_text][\/et_pb_column][et_pb_column type=&#8221;1_2&#8243; _builder_version=&#8221;3.25&#8243; custom_padding=&#8221;|||&#8221; custom_padding__hover=&#8221;|||&#8221;][et_pb_image src=&#8221;https:\/\/uavdronetarragona.com\/wp-content\/uploads\/2021\/05\/ronin-2.jpg&#8221; alt=&#8221;Drone en tarrragona&#8221; title_text=&#8221;OLYMPUS DIGITAL CAMERA&#8221; align_tablet=&#8221;center&#8221; align_phone=&#8221;&#8221; align_last_edited=&#8221;on|desktop&#8221; _builder_version=&#8221;4.7.7&#8243; custom_margin=&#8221;106px||||false|false&#8221; animation_style=&#8221;slide&#8221; animation_direction=&#8221;right&#8221; animation_intensity_slide=&#8221;10%&#8221;][\/et_pb_image][\/et_pb_column][\/et_pb_row][\/et_pb_section][et_pb_section fb_built=&#8221;1&#8243; admin_label=&#8221;Contact Form Section&#8221; _builder_version=&#8221;4.7.7&#8243; background_color=&#8221;#2e6a8b&#8221; custom_padding=&#8221;2px||41px|||&#8221; animation_style=&#8221;zoom&#8221; animation_direction=&#8221;bottom&#8221; animation_intensity_zoom=&#8221;10%&#8221; saved_tabs=&#8221;all&#8221; locked=&#8221;off&#8221;][et_pb_row admin_label=&#8221;Service Section Title&#8221; _builder_version=&#8221;3.25&#8243; custom_margin=&#8221;|auto|-6px|auto||&#8221; animation_style=&#8221;fade&#8221; animation_direction=&#8221;top&#8221; locked=&#8221;off&#8221;][et_pb_column type=&#8221;4_4&#8243; _builder_version=&#8221;3.25&#8243; custom_padding=&#8221;|||&#8221; custom_padding__hover=&#8221;|||&#8221;][et_pb_text admin_label=&#8221;Title&#8221; _builder_version=&#8221;4.7.7&#8243; text_font=&#8221;Montserrat||||||||&#8221; text_text_color=&#8221;#747d88&#8243; text_font_size=&#8221;16px&#8221; text_line_height=&#8221;1.9em&#8221; header_font=&#8221;||||||||&#8221; header_2_font=&#8221;Montserrat|700||on|||||&#8221; header_2_font_size=&#8221;42px&#8221; header_2_line_height=&#8221;1.3em&#8221; background_size=&#8221;initial&#8221; background_position=&#8221;top_left&#8221; background_repeat=&#8221;repeat&#8221; text_orientation=&#8221;center&#8221; max_width=&#8221;700px&#8221; module_alignment=&#8221;center&#8221; custom_margin=&#8221;||-5px|||&#8221; custom_padding=&#8221;||1px|||&#8221; animation_style=&#8221;slide&#8221; animation_direction=&#8221;bottom&#8221; animation_intensity_slide=&#8221;4%&#8221;]<\/p>\n<h2>Contacte<br \/> <span style=\"color: #fff;\">sense comprom\u00cdS<\/span><\/h2>\n<p>[\/et_pb_text][\/et_pb_column][\/et_pb_row][et_pb_row admin_label=&#8221;Contact Form&#8221; _builder_version=&#8221;3.25&#8243; custom_padding=&#8221;2px||7px|||&#8221; animation_style=&#8221;fade&#8221;][et_pb_column type=&#8221;4_4&#8243; _builder_version=&#8221;3.25&#8243; custom_padding=&#8221;|||&#8221; custom_padding__hover=&#8221;|||&#8221;][et_pb_contact_form captcha=&#8221;off&#8221; email=&#8221;hola@uavdronetarragona.com&#8221; submit_button_text=&#8221;Enviar&#8221; module_id=&#8221;et_pb_contact_form_0&#8243; _builder_version=&#8221;4.7.7&#8243; form_field_background_color=&#8221;rgba(255,255,255,0)&#8221; form_field_text_color=&#8221;#353740&#8243; title_font=&#8221;Open Sans||||||||&#8221; form_field_font=&#8221;Montserrat||||&#8221; form_field_font_size=&#8221;16px&#8221; custom_button=&#8221;on&#8221; button_text_color=&#8221;#ffffff&#8221; button_border_width=&#8221;2px&#8221; button_border_color=&#8221;#ffffff&#8221; button_border_radius=&#8221;100px&#8221; button_letter_spacing=&#8221;2px&#8221; button_font=&#8221;Open Sans|600||on|||||&#8221; button_icon=&#8221;%%36%%&#8221; button_icon_color=&#8221;#ffffff&#8221; max_width=&#8221;800px&#8221; module_alignment=&#8221;center&#8221; animation_style=&#8221;fade&#8221; box_shadow_style=&#8221;preset7&#8243; box_shadow_horizontal=&#8221;0px&#8221; box_shadow_vertical=&#8221;-1px&#8221; box_shadow_color=&#8221;rgba(0,0,0,0.18)&#8221; form_background_color=&#8221;rgba(255,255,255,0)&#8221; button_text_color_hover=&#8221;#ffffff&#8221; button_bg_color_hover=&#8221;rgba(0,0,0,0)&#8221; button_border_color_hover=&#8221;#ffffff&#8221; button_letter_spacing_hover=&#8221;2px&#8221;][et_pb_contact_field field_id=&#8221;Nom&#8221; field_title=&#8221;Nom&#8221; fullwidth_field=&#8221;on&#8221; _builder_version=&#8221;4.7.7&#8243; form_field_font=&#8221;Open Sans||||||||&#8221; button_text_size__hover_enabled=&#8221;off&#8221; button_one_text_size__hover_enabled=&#8221;off&#8221; button_two_text_size__hover_enabled=&#8221;off&#8221; button_text_color__hover_enabled=&#8221;off&#8221; button_one_text_color__hover_enabled=&#8221;off&#8221; button_two_text_color__hover_enabled=&#8221;off&#8221; button_border_width__hover_enabled=&#8221;off&#8221; button_one_border_width__hover_enabled=&#8221;off&#8221; button_two_border_width__hover_enabled=&#8221;off&#8221; button_border_color__hover_enabled=&#8221;off&#8221; button_one_border_color__hover_enabled=&#8221;off&#8221; button_two_border_color__hover_enabled=&#8221;off&#8221; button_border_radius__hover_enabled=&#8221;off&#8221; button_one_border_radius__hover_enabled=&#8221;off&#8221; button_two_border_radius__hover_enabled=&#8221;off&#8221; button_letter_spacing__hover_enabled=&#8221;off&#8221; button_one_letter_spacing__hover_enabled=&#8221;off&#8221; button_two_letter_spacing__hover_enabled=&#8221;off&#8221; button_bg_color__hover_enabled=&#8221;off&#8221; button_one_bg_color__hover_enabled=&#8221;off&#8221; button_two_bg_color__hover_enabled=&#8221;off&#8221;][\/et_pb_contact_field][et_pb_contact_field field_id=&#8221;Email&#8221; field_title=&#8221;Email&#8221; field_type=&#8221;email&#8221; fullwidth_field=&#8221;on&#8221; _builder_version=&#8221;4.7.7&#8243; form_field_font=&#8221;Open Sans||||||||&#8221; button_text_size__hover_enabled=&#8221;off&#8221; button_one_text_size__hover_enabled=&#8221;off&#8221; button_two_text_size__hover_enabled=&#8221;off&#8221; button_text_color__hover_enabled=&#8221;off&#8221; button_one_text_color__hover_enabled=&#8221;off&#8221; button_two_text_color__hover_enabled=&#8221;off&#8221; button_border_width__hover_enabled=&#8221;off&#8221; button_one_border_width__hover_enabled=&#8221;off&#8221; button_two_border_width__hover_enabled=&#8221;off&#8221; button_border_color__hover_enabled=&#8221;off&#8221; button_one_border_color__hover_enabled=&#8221;off&#8221; button_two_border_color__hover_enabled=&#8221;off&#8221; button_border_radius__hover_enabled=&#8221;off&#8221; button_one_border_radius__hover_enabled=&#8221;off&#8221; button_two_border_radius__hover_enabled=&#8221;off&#8221; button_letter_spacing__hover_enabled=&#8221;off&#8221; button_one_letter_spacing__hover_enabled=&#8221;off&#8221; button_two_letter_spacing__hover_enabled=&#8221;off&#8221; button_bg_color__hover_enabled=&#8221;off&#8221; button_one_bg_color__hover_enabled=&#8221;off&#8221; button_two_bg_color__hover_enabled=&#8221;off&#8221;][\/et_pb_contact_field][et_pb_contact_field field_id=&#8221;Missatge&#8221; field_title=&#8221;Missatge&#8221; field_type=&#8221;text&#8221; fullwidth_field=&#8221;on&#8221; _builder_version=&#8221;4.7.7&#8243; form_field_font=&#8221;Open Sans||||||||&#8221; custom_margin=&#8221;||60px|&#8221; custom_padding=&#8221;|||&#8221; button_text_size__hover_enabled=&#8221;off&#8221; button_one_text_size__hover_enabled=&#8221;off&#8221; button_two_text_size__hover_enabled=&#8221;off&#8221; button_text_color__hover_enabled=&#8221;off&#8221; button_one_text_color__hover_enabled=&#8221;off&#8221; button_two_text_color__hover_enabled=&#8221;off&#8221; button_border_width__hover_enabled=&#8221;off&#8221; button_one_border_width__hover_enabled=&#8221;off&#8221; button_two_border_width__hover_enabled=&#8221;off&#8221; button_border_color__hover_enabled=&#8221;off&#8221; button_one_border_color__hover_enabled=&#8221;off&#8221; button_two_border_color__hover_enabled=&#8221;off&#8221; button_border_radius__hover_enabled=&#8221;off&#8221; button_one_border_radius__hover_enabled=&#8221;off&#8221; button_two_border_radius__hover_enabled=&#8221;off&#8221; button_letter_spacing__hover_enabled=&#8221;off&#8221; button_one_letter_spacing__hover_enabled=&#8221;off&#8221; button_two_letter_spacing__hover_enabled=&#8221;off&#8221; button_bg_color__hover_enabled=&#8221;off&#8221; button_one_bg_color__hover_enabled=&#8221;off&#8221; button_two_bg_color__hover_enabled=&#8221;off&#8221;][\/et_pb_contact_field][\/et_pb_contact_form][\/et_pb_column][\/et_pb_row][\/et_pb_section]<\/p>\n","protected":false},"excerpt":{"rendered":"<p>[et_pb_section fb_built=&#8221;1&#8243; admin_label=&#8221;Hero&#8221; _builder_version=&#8221;4.7.7&#8243; use_background_color_gradient=&#8221;on&#8221; background_color_gradient_start=&#8221;rgba(0,0,0,0.6)&#8221; background_color_gradient_end=&#8221;rgba(0,0,0,0.6)&#8221; background_color_gradient_overlays_image=&#8221;on&#8221; background_image=&#8221;https:\/\/uavdronetarragona.com\/wp-content\/uploads\/2021\/05\/Cablecam.jpg&#8221; custom_padding=&#8221;110px|0px|110px|0px|false|false&#8221; animation_style=&#8221;zoom&#8221; animation_intensity_zoom=&#8221;4%&#8221;][et_pb_row _builder_version=&#8221;3.25&#8243; background_size=&#8221;initial&#8221; background_position=&#8221;top_left&#8221; background_repeat=&#8221;repeat&#8221; custom_padding=&#8221;|||&#8221; animation_style=&#8221;slide&#8221; animation_direction=&#8221;top&#8221; animation_intensity_slide=&#8221;3%&#8221; hover_enabled=&#8221;0&#8243; sticky_enabled=&#8221;0&#8243;][et_pb_column type=&#8221;4_4&#8243; _builder_version=&#8221;3.25&#8243; custom_padding=&#8221;|||&#8221; custom_padding__hover=&#8221;|||&#8221;][et_pb_text _builder_version=&#8221;4.7.7&#8243; text_font=&#8221;Montserrat|500||on|||||&#8221; text_text_color=&#8221;#f7f7f7&#8243; text_font_size=&#8221;16px&#8221; text_letter_spacing=&#8221;3px&#8221; background_size=&#8221;initial&#8221; background_position=&#8221;top_left&#8221; background_repeat=&#8221;repeat&#8221; custom_margin=&#8221;|||&#8221; animation_style=&#8221;slide&#8221; animation_direction=&#8221;bottom&#8221; hover_enabled=&#8221;0&#8243; locked=&#8221;off&#8221; sticky_enabled=&#8221;0&#8243;] Operadora de drone a tarragona [\/et_pb_text][et_pb_text _builder_version=&#8221;4.7.7&#8243; text_font=&#8221;||||||||&#8221; header_font=&#8221;Montserrat|700||on|||||&#8221; header_text_color=&#8221;#ffffff&#8221; header_font_size=&#8221;60px&#8221; header_line_height=&#8221;1.3em&#8221; header_2_font=&#8221;||||||||&#8221; background_size=&#8221;initial&#8221; background_position=&#8221;top_left&#8221; [&hellip;]<\/p>\n","protected":false},"author":1,"featured_media":714,"parent":0,"menu_order":0,"comment_status":"closed","ping_status":"closed","template":"","meta":{"_et_pb_use_builder":"on","_et_pb_old_content":"","_et_gb_content_width":""},"yoast_head":"<!-- This site is optimized with the Yoast SEO plugin v15.5 - https:\/\/yoast.com\/wordpress\/plugins\/seo\/ -->\n<title>UAV Drone | Lloguer e steadycam i cablecam a Tarragona<\/title>\n<meta name=\"description\" content=\"Steadycam \u00e9s un sistema dissenyat per a proporcionar estabilitzaci\u00f3 a les preses terrestres en moviment. Steadycam i cablecam a Tarragona.\" \/>\n<meta name=\"robots\" content=\"index, follow, max-snippet:-1, max-image-preview:large, max-video-preview:-1\" \/>\n<link rel=\"canonical\" href=\"https:\/\/uavdronetarragona.com\/ca\/steadycam-cablecam-a-tarragona\/\" \/>\n<meta property=\"og:locale\" content=\"ca_ES\" \/>\n<meta property=\"og:type\" content=\"article\" \/>\n<meta property=\"og:title\" content=\"UAV Drone | Lloguer e steadycam i cablecam a Tarragona\" \/>\n<meta property=\"og:description\" content=\"Steadycam \u00e9s un sistema dissenyat per a proporcionar estabilitzaci\u00f3 a les preses terrestres en moviment. Steadycam i cablecam a Tarragona.\" \/>\n<meta property=\"og:url\" content=\"https:\/\/uavdronetarragona.com\/ca\/steadycam-cablecam-a-tarragona\/\" \/>\n<meta property=\"og:site_name\" content=\"UAV Drone Tarragona\" \/>\n<meta property=\"article:modified_time\" content=\"2021-05-26T15:03:55+00:00\" \/>\n<meta property=\"og:image\" content=\"https:\/\/uavdronetarragona.com\/wp-content\/uploads\/2021\/05\/Cablecam.jpg\" \/>\n\t<meta property=\"og:image:width\" content=\"1500\" \/>\n\t<meta property=\"og:image:height\" content=\"1000\" \/>\n<meta name=\"twitter:card\" content=\"summary_large_image\" \/>\n<meta name=\"twitter:label1\" content=\"Temps estimat de lectura\">\n\t<meta name=\"twitter:data1\" content=\"7 minuts\">\n<script type=\"application\/ld+json\" class=\"yoast-schema-graph\">{\"@context\":\"https:\/\/schema.org\",\"@graph\":[{\"@type\":\"WebSite\",\"@id\":\"https:\/\/uavdronetarragona.com\/#website\",\"url\":\"https:\/\/uavdronetarragona.com\/\",\"name\":\"UAV Drone Tarragona\",\"description\":\"Grabaci\\u00f3n de v\\u00eddeo con drone\",\"potentialAction\":[{\"@type\":\"SearchAction\",\"target\":\"https:\/\/uavdronetarragona.com\/?s={search_term_string}\",\"query-input\":\"required name=search_term_string\"}],\"inLanguage\":\"ca\"},{\"@type\":\"ImageObject\",\"@id\":\"https:\/\/uavdronetarragona.com\/ca\/steadycam-cablecam-a-tarragona\/#primaryimage\",\"inLanguage\":\"ca\",\"url\":\"https:\/\/uavdronetarragona.com\/wp-content\/uploads\/2021\/05\/Cablecam.jpg\",\"width\":1500,\"height\":1000},{\"@type\":\"WebPage\",\"@id\":\"https:\/\/uavdronetarragona.com\/ca\/steadycam-cablecam-a-tarragona\/#webpage\",\"url\":\"https:\/\/uavdronetarragona.com\/ca\/steadycam-cablecam-a-tarragona\/\",\"name\":\"UAV Drone | Lloguer e steadycam i cablecam a Tarragona\",\"isPartOf\":{\"@id\":\"https:\/\/uavdronetarragona.com\/#website\"},\"primaryImageOfPage\":{\"@id\":\"https:\/\/uavdronetarragona.com\/ca\/steadycam-cablecam-a-tarragona\/#primaryimage\"},\"datePublished\":\"2021-04-22T07:36:35+00:00\",\"dateModified\":\"2021-05-26T15:03:55+00:00\",\"description\":\"Steadycam \\u00e9s un sistema dissenyat per a proporcionar estabilitzaci\\u00f3 a les preses terrestres en moviment. Steadycam i cablecam a Tarragona.\",\"inLanguage\":\"ca\",\"potentialAction\":[{\"@type\":\"ReadAction\",\"target\":[\"https:\/\/uavdronetarragona.com\/ca\/steadycam-cablecam-a-tarragona\/\"]}]}]}<\/script>\n<!-- \/ Yoast SEO plugin. -->","_links":{"self":[{"href":"https:\/\/uavdronetarragona.com\/ca\/wp-json\/wp\/v2\/pages\/713"}],"collection":[{"href":"https:\/\/uavdronetarragona.com\/ca\/wp-json\/wp\/v2\/pages"}],"about":[{"href":"https:\/\/uavdronetarragona.com\/ca\/wp-json\/wp\/v2\/types\/page"}],"author":[{"embeddable":true,"href":"https:\/\/uavdronetarragona.com\/ca\/wp-json\/wp\/v2\/users\/1"}],"replies":[{"embeddable":true,"href":"https:\/\/uavdronetarragona.com\/ca\/wp-json\/wp\/v2\/comments?post=713"}],"version-history":[{"count":2,"href":"https:\/\/uavdronetarragona.com\/ca\/wp-json\/wp\/v2\/pages\/713\/revisions"}],"predecessor-version":[{"id":718,"href":"https:\/\/uavdronetarragona.com\/ca\/wp-json\/wp\/v2\/pages\/713\/revisions\/718"}],"wp:featuredmedia":[{"embeddable":true,"href":"https:\/\/uavdronetarragona.com\/ca\/wp-json\/wp\/v2\/media\/714"}],"wp:attachment":[{"href":"https:\/\/uavdronetarragona.com\/ca\/wp-json\/wp\/v2\/media?parent=713"}],"curies":[{"name":"wp","href":"https:\/\/api.w.org\/{rel}","templated":true}]}}