{"id":631,"date":"2020-12-22T15:17:10","date_gmt":"2020-12-22T15:17:10","guid":{"rendered":"https:\/\/uavdronetarragona.com\/about\/"},"modified":"2023-08-10T10:29:12","modified_gmt":"2023-08-10T10:29:12","slug":"about","status":"publish","type":"page","link":"https:\/\/uavdronetarragona.com\/ca\/about\/","title":{"rendered":"About"},"content":{"rendered":"<p>[et_pb_section fb_built=&#8221;1&#8243; admin_label=&#8221;Hero&#8221; _builder_version=&#8221;4.7.7&#8243; use_background_color_gradient=&#8221;on&#8221; background_color_gradient_start=&#8221;rgba(0,0,0,0.6)&#8221; background_color_gradient_end=&#8221;rgba(0,0,0,0.6)&#8221; background_color_gradient_overlays_image=&#8221;on&#8221; background_image=&#8221;https:\/\/uavdronetarragona.com\/wp-content\/uploads\/2021\/05\/Moli\u0301-1.1-scaled.jpg&#8221; background_position=&#8221;center_left&#8221; transform_scale=&#8221;104%|104%&#8221; width=&#8221;99%&#8221; max_width=&#8221;100%&#8221; module_alignment=&#8221;left&#8221; min_height=&#8221;683px&#8221; max_height=&#8221;616px&#8221; custom_padding=&#8221;126px|0px|51px|0px|false|false&#8221; animation_style=&#8221;zoom&#8221; animation_intensity_zoom=&#8221;4%&#8221; locked=&#8221;off&#8221;][et_pb_row admin_label=&#8221;About Us Area&#8221; _builder_version=&#8221;4.7.7&#8243; background_size=&#8221;initial&#8221; background_position=&#8221;top_left&#8221; background_repeat=&#8221;repeat&#8221; custom_margin=&#8221;|||166px|false|false&#8221; custom_padding=&#8221;27px|0px|0px|0px|false|false&#8221;][et_pb_column type=&#8221;4_4&#8243; _builder_version=&#8221;4.7.7&#8243; custom_padding=&#8221;0px|||0px|false|false&#8221; custom_padding__hover=&#8221;|||&#8221;][et_pb_text admin_label=&#8221;Title&#8221; _builder_version=&#8221;4.7.7&#8243; text_font=&#8221;Open Sans||||||||&#8221; text_text_color=&#8221;#5b5b59&#8243; text_font_size=&#8221;16px&#8221; text_line_height=&#8221;1.9em&#8221; header_font=&#8221;Open Sans||||||||&#8221; header_text_align=&#8221;left&#8221; header_2_font=&#8221;Montserrat|700||on|||||&#8221; header_2_font_size=&#8221;42px&#8221; header_2_line_height=&#8221;1.3em&#8221; background_color=&#8221;#f7f7f7&#8243; background_size=&#8221;initial&#8221; background_position=&#8221;top_left&#8221; background_repeat=&#8221;repeat&#8221; max_width=&#8221;700px&#8221; module_alignment=&#8221;left&#8221; custom_margin=&#8221;|||&#8221; custom_padding=&#8221;10%|10%|10%|10%|false|false&#8221; animation_style=&#8221;slide&#8221; animation_direction=&#8221;bottom&#8221; animation_intensity_slide=&#8221;4%&#8221; animation_starting_opacity=&#8221;100%&#8221; box_shadow_style=&#8221;preset1&#8243; box_shadow_vertical=&#8221;15px&#8221; box_shadow_blur=&#8221;45px&#8221; box_shadow_color=&#8221;rgba(0,0,0,0.15)&#8221; locked=&#8221;off&#8221;]<\/p>\n<h2>UAV DRONE<\/h2>\n<p class=\"p1\"><span class=\"s1\">UAV DRONE neix al 2014, donat que hem vist en el m\u00f3n dels multi-rotors una oportunitat de futur amb la que treballar en m\u00faltiples aplicacions en aquest nou mercat. Aquests multi-rotors anomenats en angl\u00e8s<span class=\"Apple-converted-space\">\u00a0 <\/span><\/span><span class=\"s2\">RPA, (Remotely Piloted Aircraft) <\/span><span class=\"s1\">o tamb\u00e9 coneguts popularment com a drone (abellot) pel soroll de les seves h\u00e8lices, ens han motivat a crear aquest petit espai per a oferir els nostres serveis. S\u00f3n molts els experts en log\u00edstica i comunicacions els que asseguren que aquests tipus de vehicles desenvoluparan una tasca molt rellevant en les transaccions comercials futures.<\/span><\/p>\n<p>[\/et_pb_text][\/et_pb_column][\/et_pb_row][\/et_pb_section][et_pb_section fb_built=&#8221;1&#8243; admin_label=&#8221;Quote Section&#8221; _builder_version=&#8221;4.7.7&#8243; background_color=&#8221;rgba(0,0,0,0)&#8221; custom_margin=&#8221;|||&#8221; custom_padding=&#8221;118px|0px|85px|0px||&#8221; animation_style=&#8221;zoom&#8221; animation_direction=&#8221;bottom&#8221; animation_intensity_zoom=&#8221;4%&#8221; animation_starting_opacity=&#8221;100%&#8221; locked=&#8221;off&#8221;][et_pb_row admin_label=&#8221;Quote&#8221; _builder_version=&#8221;3.25&#8243; background_size=&#8221;initial&#8221; background_position=&#8221;top_left&#8221; background_repeat=&#8221;repeat&#8221;][et_pb_column type=&#8221;4_4&#8243; _builder_version=&#8221;3.25&#8243; custom_padding=&#8221;|||&#8221; custom_padding__hover=&#8221;|||&#8221;][et_pb_text admin_label=&#8221;Quote&#8221; _builder_version=&#8221;4.7.7&#8243; text_font=&#8221;Open Sans||||||||&#8221; text_text_color=&#8221;#5b5b59&#8243; text_font_size=&#8221;16px&#8221; text_line_height=&#8221;1.4em&#8221; background_size=&#8221;initial&#8221; background_position=&#8221;top_left&#8221; background_repeat=&#8221;repeat&#8221; text_orientation=&#8221;center&#8221; max_width=&#8221;700px&#8221; module_alignment=&#8221;center&#8221; animation_style=&#8221;flip&#8221; animation_direction=&#8221;top&#8221; animation_intensity_flip=&#8221;20%&#8221;]<\/p>\n<p class=\"p1\"><span class=\"s1\">Oferim el servei d\u2019imatges a\u00e8ries i terrestres per a cine i publicitat , particulars, bodes, promoci\u00f3 d&#8217;esdeveniments esportius, amb gran dosis d&#8217;espectacularitat, promocions d&#8217;immobles, ajuda a la construcci\u00f3, inspecci\u00f3ns industrials en exteriors i en espais inaccesibles, tot aix\u00f2 i m\u00e9s, amb els millors drons i c\u00e1meras del mercat. Fins ara totes aquestes activitats s&#8217;havien de desenvolupar en un entorn de risc pels humans o mitjan\u00e7ant helic\u00f2pters amb un cost econ\u00f2mic molt m\u00e9s elevat. Gr\u00e0cies a la utilitzaci\u00f3 d\u2019aquests multi-rotors oferim preus molt competitius per a la realitzaci\u00f3 d\u2018aquests serveis<\/span><span class=\"s2\">.<\/span><span class=\"s1\"> <\/span><\/p>\n<p class=\"p1\"><strong><span class=\"s1\">Som operadors registrats per l&#8217;Ag\u00e8ncia Estatal de Seguretat A\u00e8ria. Tots els nostres models estan assegurats i registrats.<\/span><\/strong><\/p>\n<p class=\"p1\"><strong><span class=\"s1\"><\/span><\/strong><\/p>\n<h1 class=\"titular\"><span>Operacions <\/span><span class=\"hiddenSpellError\">UAS<\/span><span>\/Drons &#8211; Categoria Oberta (Subcategories A1, A2 I A3) i Espec\u00edfica (<\/span><span class=\"hiddenSpellError\">STS<\/span><span>-\u00c9S-01: Operacions <\/span><span class=\"hiddenSpellError\">VLOS<\/span><span> sobre una zona terrestre controlada en un entorn poblat<\/span><span class=\"hiddenGrammarError\">)<\/span><\/h1>\n<p>[\/et_pb_text][\/et_pb_column][\/et_pb_row][\/et_pb_section][et_pb_section fb_built=&#8221;1&#8243; admin_label=&#8221;Team Member Section&#8221; _builder_version=&#8221;3.22&#8243; custom_padding=&#8221;34px||60px|||&#8221;][et_pb_row admin_label=&#8221;Service Section Title&#8221; _builder_version=&#8221;3.25&#8243; background_size=&#8221;initial&#8221; background_position=&#8221;top_left&#8221; background_repeat=&#8221;repeat&#8221; custom_margin=&#8221;||40px|&#8221; animation_style=&#8221;fade&#8221; animation_direction=&#8221;top&#8221; saved_tabs=&#8221;all&#8221;][et_pb_column type=&#8221;4_4&#8243; _builder_version=&#8221;3.25&#8243; custom_padding=&#8221;|||&#8221; custom_padding__hover=&#8221;|||&#8221;][et_pb_text admin_label=&#8221;Title&#8221; _builder_version=&#8221;4.7.7&#8243; text_font=&#8221;Open Sans||||||||&#8221; text_text_color=&#8221;#747d88&#8243; text_font_size=&#8221;16px&#8221; text_line_height=&#8221;1.9em&#8221; header_font=&#8221;Open Sans||||||||&#8221; header_2_font=&#8221;Montserrat|700||on|||||&#8221; header_2_text_color=&#8221;#353740&#8243; header_2_font_size=&#8221;42px&#8221; header_2_line_height=&#8221;1.3em&#8221; background_size=&#8221;initial&#8221; background_position=&#8221;top_left&#8221; background_repeat=&#8221;repeat&#8221; text_orientation=&#8221;center&#8221; max_width=&#8221;700px&#8221; module_alignment=&#8221;center&#8221; animation_style=&#8221;slide&#8221; animation_direction=&#8221;bottom&#8221; animation_intensity_slide=&#8221;4%&#8221;]<\/p>\n<h2>Equip<\/h2>\n<p>[\/et_pb_text][\/et_pb_column][\/et_pb_row][et_pb_row _builder_version=&#8221;4.7.7&#8243; _module_preset=&#8221;default&#8221;][et_pb_column type=&#8221;4_4&#8243; _builder_version=&#8221;4.7.7&#8243; _module_preset=&#8221;default&#8221;][et_pb_team_member name=&#8221;Aleix Osed&#8221; position=&#8221;Fundador de UAV DRONE Tarragona&#8221; image_url=&#8221;https:\/\/uavdronetarragona.com\/wp-content\/uploads\/2023\/08\/P288399-2_11zon.jpg&#8221; _builder_version=&#8221;4.7.7&#8243; _module_preset=&#8221;default&#8221; hover_enabled=&#8221;0&#8243; alt=&#8221;about&#8221; title_text=&#8221;_P288399-2_11zon&#8221; sticky_enabled=&#8221;0&#8243;]<\/p>\n<p><span>La meva afici\u00f3 per aquest treball comen\u00e7a des de ja molt petit, llavors no hi havien drones<\/span><span>, ni de bon tros, per\u00f2 si algun que un altre helic\u00f2pter o cotxe de r\u00e0dio control, d&#8217;aquesta manera comen\u00e7a el meu hobby. El 2012 comen\u00e7o a veure els primers drons de consum i\u00a0<\/span><span class=\"hiddenGrammarError\" onkeypress=\"AL_1996---#---3---#---Els anys s\u2019escriuen sense la preposici\u00f3 \u2018a\u2019.---#---el 2014#en 2014#l'any 2014---#---al 2014---#---http:\/\/esadir.cat\/gramatica\/sintaxi\/prepatemporal\">al 2014<\/span><span>\u00a0es converteix en una professi\u00f3, obtenint el t\u00edtol te\u00f2ric i pr\u00e0ctic de pilot de drone<\/span><span>.<\/span><br \/> <span>Per a mi volar aquests aparells \u00e9s un divertiment, per\u00f2 alhora t&#8217;exigeix molta responsabilitat i professionalitat. Fer treballs amb drone<\/span><span>\u00a0avui dia \u00e9s el que m\u00e9s m&#8217;apassiona.<\/span><\/p>\n<p>[\/et_pb_team_member][\/et_pb_column][\/et_pb_row][\/et_pb_section][et_pb_section fb_built=&#8221;1&#8243; admin_label=&#8221;Contact Form Section&#8221; _builder_version=&#8221;4.7.7&#8243; background_color=&#8221;#2e6a8b&#8221; custom_padding=&#8221;2px||41px|||&#8221; animation_style=&#8221;zoom&#8221; animation_direction=&#8221;bottom&#8221; animation_intensity_zoom=&#8221;10%&#8221; saved_tabs=&#8221;all&#8221; locked=&#8221;off&#8221;][et_pb_row admin_label=&#8221;Service Section Title&#8221; _builder_version=&#8221;3.25&#8243; custom_margin=&#8221;|auto|-6px|auto||&#8221; animation_style=&#8221;fade&#8221; animation_direction=&#8221;top&#8221; locked=&#8221;off&#8221;][et_pb_column type=&#8221;4_4&#8243; _builder_version=&#8221;3.25&#8243; custom_padding=&#8221;|||&#8221; custom_padding__hover=&#8221;|||&#8221;][et_pb_text admin_label=&#8221;Title&#8221; _builder_version=&#8221;4.7.7&#8243; text_font=&#8221;Montserrat||||||||&#8221; text_text_color=&#8221;#747d88&#8243; text_font_size=&#8221;16px&#8221; text_line_height=&#8221;1.9em&#8221; header_font=&#8221;||||||||&#8221; header_2_font=&#8221;Montserrat|700||on|||||&#8221; header_2_font_size=&#8221;42px&#8221; header_2_line_height=&#8221;1.3em&#8221; background_size=&#8221;initial&#8221; background_position=&#8221;top_left&#8221; background_repeat=&#8221;repeat&#8221; text_orientation=&#8221;center&#8221; max_width=&#8221;700px&#8221; module_alignment=&#8221;center&#8221; custom_margin=&#8221;||-5px|||&#8221; custom_padding=&#8221;||1px|||&#8221; animation_style=&#8221;slide&#8221; animation_direction=&#8221;bottom&#8221; animation_intensity_slide=&#8221;4%&#8221;]<\/p>\n<h2>Contacte<br \/> <span style=\"color: #fff;\">sense comprom\u00cdS<\/span><\/h2>\n<p>[\/et_pb_text][\/et_pb_column][\/et_pb_row][et_pb_row admin_label=&#8221;Contact Form&#8221; _builder_version=&#8221;3.25&#8243; custom_padding=&#8221;2px||7px|||&#8221; animation_style=&#8221;fade&#8221;][et_pb_column type=&#8221;4_4&#8243; _builder_version=&#8221;3.25&#8243; custom_padding=&#8221;|||&#8221; custom_padding__hover=&#8221;|||&#8221;][et_pb_contact_form captcha=&#8221;off&#8221; email=&#8221;hola@uavdronetarragona.com&#8221; submit_button_text=&#8221;Enviar&#8221; module_id=&#8221;et_pb_contact_form_0&#8243; _builder_version=&#8221;4.7.7&#8243; form_field_background_color=&#8221;rgba(255,255,255,0)&#8221; form_field_text_color=&#8221;#353740&#8243; title_font=&#8221;Open Sans||||||||&#8221; form_field_font=&#8221;Montserrat||||&#8221; form_field_font_size=&#8221;16px&#8221; custom_button=&#8221;on&#8221; button_text_color=&#8221;#ffffff&#8221; button_border_width=&#8221;2px&#8221; button_border_color=&#8221;#ffffff&#8221; button_border_radius=&#8221;100px&#8221; button_letter_spacing=&#8221;2px&#8221; button_font=&#8221;Open Sans|600||on|||||&#8221; button_icon=&#8221;%%36%%&#8221; button_icon_color=&#8221;#ffffff&#8221; max_width=&#8221;800px&#8221; module_alignment=&#8221;center&#8221; animation_style=&#8221;fade&#8221; box_shadow_style=&#8221;preset7&#8243; box_shadow_horizontal=&#8221;0px&#8221; box_shadow_vertical=&#8221;-1px&#8221; box_shadow_color=&#8221;rgba(0,0,0,0.18)&#8221; form_background_color=&#8221;rgba(255,255,255,0)&#8221; button_text_color_hover=&#8221;#ffffff&#8221; button_bg_color_hover=&#8221;rgba(0,0,0,0)&#8221; button_border_color_hover=&#8221;#ffffff&#8221; button_letter_spacing_hover=&#8221;2px&#8221;][et_pb_contact_field field_id=&#8221;Nom&#8221; field_title=&#8221;Nom&#8221; fullwidth_field=&#8221;on&#8221; _builder_version=&#8221;4.7.7&#8243; form_field_font=&#8221;Open Sans||||||||&#8221; button_text_size__hover_enabled=&#8221;off&#8221; button_one_text_size__hover_enabled=&#8221;off&#8221; button_two_text_size__hover_enabled=&#8221;off&#8221; button_text_color__hover_enabled=&#8221;off&#8221; button_one_text_color__hover_enabled=&#8221;off&#8221; button_two_text_color__hover_enabled=&#8221;off&#8221; button_border_width__hover_enabled=&#8221;off&#8221; button_one_border_width__hover_enabled=&#8221;off&#8221; button_two_border_width__hover_enabled=&#8221;off&#8221; button_border_color__hover_enabled=&#8221;off&#8221; button_one_border_color__hover_enabled=&#8221;off&#8221; button_two_border_color__hover_enabled=&#8221;off&#8221; button_border_radius__hover_enabled=&#8221;off&#8221; button_one_border_radius__hover_enabled=&#8221;off&#8221; button_two_border_radius__hover_enabled=&#8221;off&#8221; button_letter_spacing__hover_enabled=&#8221;off&#8221; button_one_letter_spacing__hover_enabled=&#8221;off&#8221; button_two_letter_spacing__hover_enabled=&#8221;off&#8221; button_bg_color__hover_enabled=&#8221;off&#8221; button_one_bg_color__hover_enabled=&#8221;off&#8221; button_two_bg_color__hover_enabled=&#8221;off&#8221;][\/et_pb_contact_field][et_pb_contact_field field_id=&#8221;Email&#8221; field_title=&#8221;Email&#8221; field_type=&#8221;email&#8221; fullwidth_field=&#8221;on&#8221; _builder_version=&#8221;4.7.7&#8243; form_field_font=&#8221;Open Sans||||||||&#8221; button_text_size__hover_enabled=&#8221;off&#8221; button_one_text_size__hover_enabled=&#8221;off&#8221; button_two_text_size__hover_enabled=&#8221;off&#8221; button_text_color__hover_enabled=&#8221;off&#8221; button_one_text_color__hover_enabled=&#8221;off&#8221; button_two_text_color__hover_enabled=&#8221;off&#8221; button_border_width__hover_enabled=&#8221;off&#8221; button_one_border_width__hover_enabled=&#8221;off&#8221; button_two_border_width__hover_enabled=&#8221;off&#8221; button_border_color__hover_enabled=&#8221;off&#8221; button_one_border_color__hover_enabled=&#8221;off&#8221; button_two_border_color__hover_enabled=&#8221;off&#8221; button_border_radius__hover_enabled=&#8221;off&#8221; button_one_border_radius__hover_enabled=&#8221;off&#8221; button_two_border_radius__hover_enabled=&#8221;off&#8221; button_letter_spacing__hover_enabled=&#8221;off&#8221; button_one_letter_spacing__hover_enabled=&#8221;off&#8221; button_two_letter_spacing__hover_enabled=&#8221;off&#8221; button_bg_color__hover_enabled=&#8221;off&#8221; button_one_bg_color__hover_enabled=&#8221;off&#8221; button_two_bg_color__hover_enabled=&#8221;off&#8221;][\/et_pb_contact_field][et_pb_contact_field field_id=&#8221;Missatge&#8221; field_title=&#8221;Missatge&#8221; field_type=&#8221;text&#8221; fullwidth_field=&#8221;on&#8221; _builder_version=&#8221;4.7.7&#8243; form_field_font=&#8221;Open Sans||||||||&#8221; custom_margin=&#8221;||60px|&#8221; custom_padding=&#8221;|||&#8221; button_text_size__hover_enabled=&#8221;off&#8221; button_one_text_size__hover_enabled=&#8221;off&#8221; button_two_text_size__hover_enabled=&#8221;off&#8221; button_text_color__hover_enabled=&#8221;off&#8221; button_one_text_color__hover_enabled=&#8221;off&#8221; button_two_text_color__hover_enabled=&#8221;off&#8221; button_border_width__hover_enabled=&#8221;off&#8221; button_one_border_width__hover_enabled=&#8221;off&#8221; button_two_border_width__hover_enabled=&#8221;off&#8221; button_border_color__hover_enabled=&#8221;off&#8221; button_one_border_color__hover_enabled=&#8221;off&#8221; button_two_border_color__hover_enabled=&#8221;off&#8221; button_border_radius__hover_enabled=&#8221;off&#8221; button_one_border_radius__hover_enabled=&#8221;off&#8221; button_two_border_radius__hover_enabled=&#8221;off&#8221; button_letter_spacing__hover_enabled=&#8221;off&#8221; button_one_letter_spacing__hover_enabled=&#8221;off&#8221; button_two_letter_spacing__hover_enabled=&#8221;off&#8221; button_bg_color__hover_enabled=&#8221;off&#8221; button_one_bg_color__hover_enabled=&#8221;off&#8221; button_two_bg_color__hover_enabled=&#8221;off&#8221;][\/et_pb_contact_field][\/et_pb_contact_form][\/et_pb_column][\/et_pb_row][\/et_pb_section]<\/p>\n","protected":false},"excerpt":{"rendered":"<p>[et_pb_section fb_built=&#8221;1&#8243; admin_label=&#8221;Hero&#8221; _builder_version=&#8221;4.7.7&#8243; use_background_color_gradient=&#8221;on&#8221; background_color_gradient_start=&#8221;rgba(0,0,0,0.6)&#8221; background_color_gradient_end=&#8221;rgba(0,0,0,0.6)&#8221; background_color_gradient_overlays_image=&#8221;on&#8221; background_image=&#8221;https:\/\/uavdronetarragona.com\/wp-content\/uploads\/2021\/05\/Moli\u0301-1.1-scaled.jpg&#8221; background_position=&#8221;center_left&#8221; transform_scale=&#8221;104%|104%&#8221; width=&#8221;99%&#8221; max_width=&#8221;100%&#8221; module_alignment=&#8221;left&#8221; min_height=&#8221;683px&#8221; max_height=&#8221;616px&#8221; custom_padding=&#8221;126px|0px|51px|0px|false|false&#8221; animation_style=&#8221;zoom&#8221; animation_intensity_zoom=&#8221;4%&#8221; locked=&#8221;off&#8221;][et_pb_row admin_label=&#8221;About Us Area&#8221; _builder_version=&#8221;4.7.7&#8243; background_size=&#8221;initial&#8221; background_position=&#8221;top_left&#8221; background_repeat=&#8221;repeat&#8221; custom_margin=&#8221;|||166px|false|false&#8221; custom_padding=&#8221;27px|0px|0px|0px|false|false&#8221;][et_pb_column type=&#8221;4_4&#8243; _builder_version=&#8221;4.7.7&#8243; custom_padding=&#8221;0px|||0px|false|false&#8221; custom_padding__hover=&#8221;|||&#8221;][et_pb_text admin_label=&#8221;Title&#8221; _builder_version=&#8221;4.7.7&#8243; text_font=&#8221;Open Sans||||||||&#8221; text_text_color=&#8221;#5b5b59&#8243; text_font_size=&#8221;16px&#8221; text_line_height=&#8221;1.9em&#8221; header_font=&#8221;Open Sans||||||||&#8221; header_text_align=&#8221;left&#8221; header_2_font=&#8221;Montserrat|700||on|||||&#8221; header_2_font_size=&#8221;42px&#8221; header_2_line_height=&#8221;1.3em&#8221; background_color=&#8221;#f7f7f7&#8243; background_size=&#8221;initial&#8221; background_position=&#8221;top_left&#8221; background_repeat=&#8221;repeat&#8221; max_width=&#8221;700px&#8221; module_alignment=&#8221;left&#8221; custom_margin=&#8221;|||&#8221; custom_padding=&#8221;10%|10%|10%|10%|false|false&#8221; animation_style=&#8221;slide&#8221; [&hellip;]<\/p>\n","protected":false},"author":2,"featured_media":632,"parent":0,"menu_order":0,"comment_status":"closed","ping_status":"closed","template":"","meta":{"_et_pb_use_builder":"on","_et_pb_old_content":"","_et_gb_content_width":""},"yoast_head":"<!-- This site is optimized with the Yoast SEO plugin v15.5 - https:\/\/yoast.com\/wordpress\/plugins\/seo\/ -->\n<title>A UAV Drone som t\u00e8cnics i operadors registrats per AESA<\/title>\n<meta name=\"description\" content=\"Som operadors registrats per l\u2019Ag\u00e8ncia Estatal de Seguretat A\u00e8ria. Tots els nostres models estan assegurats i registrats.\" \/>\n<meta name=\"robots\" content=\"index, follow, max-snippet:-1, max-image-preview:large, max-video-preview:-1\" \/>\n<link rel=\"canonical\" href=\"https:\/\/uavdronetarragona.com\/ca\/about\/\" \/>\n<meta property=\"og:locale\" content=\"ca_ES\" \/>\n<meta property=\"og:type\" content=\"article\" \/>\n<meta property=\"og:title\" content=\"A UAV Drone som t\u00e8cnics i operadors registrats per AESA\" \/>\n<meta property=\"og:description\" content=\"Som operadors registrats per l\u2019Ag\u00e8ncia Estatal de Seguretat A\u00e8ria. Tots els nostres models estan assegurats i registrats.\" \/>\n<meta property=\"og:url\" content=\"https:\/\/uavdronetarragona.com\/ca\/about\/\" \/>\n<meta property=\"og:site_name\" content=\"UAV Drone Tarragona\" \/>\n<meta property=\"article:modified_time\" content=\"2023-08-10T10:29:12+00:00\" \/>\n<meta property=\"og:image\" content=\"https:\/\/uavdronetarragona.com\/wp-content\/uploads\/2021\/02\/IMG-20191026-WA0000.jpg\" \/>\n\t<meta property=\"og:image:width\" content=\"1600\" \/>\n\t<meta property=\"og:image:height\" content=\"1066\" \/>\n<meta name=\"twitter:card\" content=\"summary_large_image\" \/>\n<meta name=\"twitter:label1\" content=\"Temps estimat de lectura\">\n\t<meta name=\"twitter:data1\" content=\"7 minuts\">\n<script type=\"application\/ld+json\" class=\"yoast-schema-graph\">{\"@context\":\"https:\/\/schema.org\",\"@graph\":[{\"@type\":\"WebSite\",\"@id\":\"https:\/\/uavdronetarragona.com\/#website\",\"url\":\"https:\/\/uavdronetarragona.com\/\",\"name\":\"UAV Drone Tarragona\",\"description\":\"Grabaci\\u00f3n de v\\u00eddeo con drone\",\"potentialAction\":[{\"@type\":\"SearchAction\",\"target\":\"https:\/\/uavdronetarragona.com\/?s={search_term_string}\",\"query-input\":\"required name=search_term_string\"}],\"inLanguage\":\"ca\"},{\"@type\":\"ImageObject\",\"@id\":\"https:\/\/uavdronetarragona.com\/ca\/about\/#primaryimage\",\"inLanguage\":\"ca\",\"url\":\"https:\/\/uavdronetarragona.com\/wp-content\/uploads\/2021\/02\/IMG-20191026-WA0000.jpg\",\"width\":1600,\"height\":1066},{\"@type\":\"WebPage\",\"@id\":\"https:\/\/uavdronetarragona.com\/ca\/about\/#webpage\",\"url\":\"https:\/\/uavdronetarragona.com\/ca\/about\/\",\"name\":\"A UAV Drone som t\\u00e8cnics i operadors registrats per AESA\",\"isPartOf\":{\"@id\":\"https:\/\/uavdronetarragona.com\/#website\"},\"primaryImageOfPage\":{\"@id\":\"https:\/\/uavdronetarragona.com\/ca\/about\/#primaryimage\"},\"datePublished\":\"2020-12-22T15:17:10+00:00\",\"dateModified\":\"2023-08-10T10:29:12+00:00\",\"description\":\"Som operadors registrats per l\\u2019Ag\\u00e8ncia Estatal de Seguretat A\\u00e8ria. Tots els nostres models estan assegurats i registrats.\",\"inLanguage\":\"ca\",\"potentialAction\":[{\"@type\":\"ReadAction\",\"target\":[\"https:\/\/uavdronetarragona.com\/ca\/about\/\"]}]}]}<\/script>\n<!-- \/ Yoast SEO plugin. -->","_links":{"self":[{"href":"https:\/\/uavdronetarragona.com\/ca\/wp-json\/wp\/v2\/pages\/631"}],"collection":[{"href":"https:\/\/uavdronetarragona.com\/ca\/wp-json\/wp\/v2\/pages"}],"about":[{"href":"https:\/\/uavdronetarragona.com\/ca\/wp-json\/wp\/v2\/types\/page"}],"author":[{"embeddable":true,"href":"https:\/\/uavdronetarragona.com\/ca\/wp-json\/wp\/v2\/users\/2"}],"replies":[{"embeddable":true,"href":"https:\/\/uavdronetarragona.com\/ca\/wp-json\/wp\/v2\/comments?post=631"}],"version-history":[{"count":5,"href":"https:\/\/uavdronetarragona.com\/ca\/wp-json\/wp\/v2\/pages\/631\/revisions"}],"predecessor-version":[{"id":1135,"href":"https:\/\/uavdronetarragona.com\/ca\/wp-json\/wp\/v2\/pages\/631\/revisions\/1135"}],"wp:featuredmedia":[{"embeddable":true,"href":"https:\/\/uavdronetarragona.com\/ca\/wp-json\/wp\/v2\/media\/632"}],"wp:attachment":[{"href":"https:\/\/uavdronetarragona.com\/ca\/wp-json\/wp\/v2\/media?parent=631"}],"curies":[{"name":"wp","href":"https:\/\/api.w.org\/{rel}","templated":true}]}}